{"id":1654,"date":"2022-05-20T18:59:09","date_gmt":"2022-05-20T23:59:09","guid":{"rendered":"https:\/\/greener.org.pe\/web\/?page_id=1654"},"modified":"2022-05-20T19:13:47","modified_gmt":"2022-05-21T00:13:47","slug":"programas","status":"publish","type":"page","link":"https:\/\/greener.org.pe\/web\/programas\/","title":{"rendered":"Programas"},"content":{"rendered":"\t\t<div data-elementor-type=\"wp-page\" data-elementor-id=\"1654\" class=\"elementor elementor-1654\">\n\t\t\t\t\t\t\t\t\t<section class=\"elementor-section elementor-top-section elementor-element elementor-element-358d256 elementor-section-boxed elementor-section-height-default elementor-section-height-default\" data-id=\"358d256\" data-element_type=\"section\">\n\t\t\t\t\t\t<div class=\"elementor-container elementor-column-gap-default\">\n\t\t\t\t\t<div class=\"elementor-column elementor-col-100 elementor-top-column elementor-element elementor-element-57cf5d5\" data-id=\"57cf5d5\" data-element_type=\"column\">\n\t\t\t<div class=\"elementor-widget-wrap elementor-element-populated\">\n\t\t\t\t\t\t\t\t<div class=\"elementor-element elementor-element-18d6eaf elementor-widget elementor-widget-ld-courses\" data-id=\"18d6eaf\" data-element_type=\"widget\" data-widget_type=\"ld-courses.default\">\n\t\t\t\t<div class=\"elementor-widget-container\">\n\t\t\t<div id=\"learndash-content\" class=\"learndash-course-list learndash-course-list--elementor learndash-course-list--classic learndash-course-list--featured\">\n    <form data-current_page_url=\"https:\/\/greener.org.pe\/web\/programas\/\" id=\"bb-courses-directory-form\" class=\"bb-elementor-widget bb-courses-directory\" method=\"get\" action=\"\">\n\n\n                <input type=\"hidden\" name=\"current_page\" value=\"1\" >\n        <div class=\"flex align-items-center bb-courses-header\">\n                                <\/div>\n        \n\n        <div class=\"ld-secondary-header\">\n            <div class=\"bb-secondary-list-tabs flex align-items-center\" id=\"subnav\"\n                 aria-label=\"Members directory secondary navigation\" role=\"navigation\">\n\n                <input type=\"hidden\" id=\"course-order\" name=\"order\" value=\"desc\"\/>\n                <input type=\"hidden\" id=\"post-per-page\" name=\"posts_per_page\" value=\"8\"\/>\n                <input type=\"hidden\" id=\"current-page\" name=\"current_page\" value=\"1\"\/>\n\n                <div class=\"sfwd-courses-filters flex push-right\">\n                    <div class=\"select-wrap active\">\n                        <select id=\"sfwd_prs-order-by\" name=\"orderby\">\n                            <option value='alphabetical'  selected='selected'>Alfab\u00e9tico<\/option><option value='recent' >Reci\u00e9n Creado<\/option>                        <\/select>\n                    <\/div>\n\n\t                \n\t\t                                            <input type=\"hidden\" name=\"filter-block-categories\" value=\"60\"\/>\n\t\t                \n\t\t                \n\t                \n                    <div class=\"select-wrap hide\">\n                        <select id=\"sfwd_instructors-order-by\" name=\"filter-instructors\">\n                            <option value='all'>Todos Los Instructores<\/option><option value='1' >Greener22<\/option>                        <\/select>\n                    <\/div>\n                <\/div>\n\n                <div class=\"grid-filters active\" data-view=\"ld-course\">\n                    <a href=\"#\" class=\"layout-view layout-view-course layout-grid-view bp-tooltip \" data-view=\"grid\" data-bp-tooltip-pos=\"up\" data-bp-tooltip=\"Vista De Cuadr\u00edcula\">\n                        <i class=\"dashicons dashicons-screenoptions\" aria-hidden=\"true\"><\/i>\n                    <\/a>\n\n                    <a href=\"#\" class=\"layout-view layout-view-course layout-list-view bp-tooltip active\" data-view=\"list\" data-bp-tooltip-pos=\"up\" data-bp-tooltip=\"La Vista De Lista\">\n                        <i class=\"dashicons dashicons-menu\" aria-hidden=\"true\"><\/i>\n                    <\/a>\n                <\/div>\n            <\/div>\n        <\/div>\n\n        <div class=\"grid-view bb-grid grid-box-\">\n\n            <div id=\"course-dir-list\" class=\"course-dir-list bs-dir-list columns-default course-dir-list--media course-dir-list--status\">\n                                    <ul class=\"bb-card-list bb-course-items list-view bb-list  \" aria-live=\"assertive\" aria-relevant=\"all\">\n                        \n<li class=\"bb-course-item-wrap\">\n\n    <div class=\"bb-cover-list-item \">\n        <div class=\"bb-course-cover\">\n            <a title=\"Flujo de carga y corto circuito en sistemas el\u00e9ctricos de potencia con Power Factory Digsilent\" href=\"https:\/\/greener.org.pe\/web\/courses\/flujo-de-carga-y-corto-circuito-en-sistemas-electricos-de-potencia-con-power-factory-digsilent\/\" class=\"bb-cover-wrap\">\n\t\t\t\t<div class=\"ld-status ld-status-progress ld-primary-background\">Inicio Curso<\/div>\n\t\t\t\t<img loading=\"lazy\" decoding=\"async\" width=\"300\" height=\"167\" src=\"https:\/\/i0.wp.com\/greener.org.pe\/web\/wp-content\/uploads\/2022\/04\/bb-hero-01.jpg?fit=300%2C167&amp;ssl=1\" class=\"attachment-medium size-medium wp-post-image\" alt=\"\" srcset=\"https:\/\/i0.wp.com\/greener.org.pe\/web\/wp-content\/uploads\/2022\/04\/bb-hero-01.jpg?w=2161&amp;ssl=1 2161w, https:\/\/i0.wp.com\/greener.org.pe\/web\/wp-content\/uploads\/2022\/04\/bb-hero-01.jpg?resize=300%2C167&amp;ssl=1 300w, https:\/\/i0.wp.com\/greener.org.pe\/web\/wp-content\/uploads\/2022\/04\/bb-hero-01.jpg?resize=1024%2C569&amp;ssl=1 1024w, https:\/\/i0.wp.com\/greener.org.pe\/web\/wp-content\/uploads\/2022\/04\/bb-hero-01.jpg?resize=768%2C427&amp;ssl=1 768w, https:\/\/i0.wp.com\/greener.org.pe\/web\/wp-content\/uploads\/2022\/04\/bb-hero-01.jpg?resize=1536%2C854&amp;ssl=1 1536w, https:\/\/i0.wp.com\/greener.org.pe\/web\/wp-content\/uploads\/2022\/04\/bb-hero-01.jpg?resize=2048%2C1138&amp;ssl=1 2048w, https:\/\/i0.wp.com\/greener.org.pe\/web\/wp-content\/uploads\/2022\/04\/bb-hero-01.jpg?resize=624%2C347&amp;ssl=1 624w, https:\/\/i0.wp.com\/greener.org.pe\/web\/wp-content\/uploads\/2022\/04\/bb-hero-01.jpg?resize=1320%2C734&amp;ssl=1 1320w, https:\/\/i0.wp.com\/greener.org.pe\/web\/wp-content\/uploads\/2022\/04\/bb-hero-01.jpg?resize=600%2C333&amp;ssl=1 600w, https:\/\/i0.wp.com\/greener.org.pe\/web\/wp-content\/uploads\/2022\/04\/bb-hero-01.jpg?resize=64%2C36&amp;ssl=1 64w, https:\/\/i0.wp.com\/greener.org.pe\/web\/wp-content\/uploads\/2022\/04\/bb-hero-01.jpg?w=1920&amp;ssl=1 1920w\" sizes=\"auto, (max-width: 300px) 100vw, 300px\" \/>            <\/a>\n        <\/div>\n\n        <div class=\"bb-card-course-details bb-card-course-details--noAccess\">\n\t\t\t<div class=\"course-lesson-count\">9 Lecciones<\/div>            <h2 class=\"bb-course-title\">\n                <a title=\"Flujo de carga y corto circuito en sistemas el\u00e9ctricos de potencia con Power Factory Digsilent\" href=\"https:\/\/greener.org.pe\/web\/courses\/flujo-de-carga-y-corto-circuito-en-sistemas-electricos-de-potencia-con-power-factory-digsilent\/\">Flujo de carga y corto circuito en sistemas el\u00e9ctricos de potencia con Power Factory Digsilent<\/a>\n            <\/h2>\n\n\t\t\t<div class=\"bb-course-meta\">\n\t\t<a class=\"item-avatar\" href=\"https:\/\/greener.org.pe\/web\/members\/greener22\/\" class=\"item-avatar\">\n\t\t<img alt='' src='https:\/\/i0.wp.com\/greener.org.pe\/web\/wp-content\/plugins\/buddyboss-platform\/bp-core\/images\/profile-avatar-buddyboss-50.png?resize=80%2C80&#038;ssl=1' srcset='https:\/\/i0.wp.com\/greener.org.pe\/web\/wp-content\/plugins\/buddyboss-platform\/bp-core\/images\/profile-avatar-buddyboss-50.png?resize=80%2C80&#038;ssl=1 2x' class='avatar avatar-80 photo' height='80' width='80' data-recalc-dims=\"1\" \/>\t<\/a>\n\t<strong>\n\t\t<a href=\"https:\/\/greener.org.pe\/web\/members\/greener22\/\">Greener22<\/a>\n\t<\/strong>\n<\/div>\n\n\t\t\t\n\t\t\t<div class=\"bb-course-excerpt\">\n\t\t\t\tEste Curso esta dise\u00f1ado para personas que ejercen la funci\u00f3n de planificaci\u00f3n y operaci\u00f3n en grandes sistemas el\u00e9ctricos de potencia, que aunque no est\u00e1n familiarizadas de manera directa con el uso del DIgISLENT PowerFactory poseen los conocimientos elementales del an\u00e1lisis de flujo de potencia y cortocircuito.\t\t\t<\/div>\n\n\t\t\t        <\/div>\n    <\/div>\n<\/li>\n                    <\/ul>\n\n                    <ul class=\"bb-card-list bb-course-items grid-view bb-grid hide \" aria-live=\"assertive\" aria-relevant=\"all\">\n                        \n<li class=\"bb-course-item-wrap\">\n\n    <div class=\"bb-cover-list-item \">\n        <div class=\"bb-course-cover\">\n            <a title=\"Flujo de carga y corto circuito en sistemas el\u00e9ctricos de potencia con Power Factory Digsilent\" href=\"https:\/\/greener.org.pe\/web\/courses\/flujo-de-carga-y-corto-circuito-en-sistemas-electricos-de-potencia-con-power-factory-digsilent\/\" class=\"bb-cover-wrap\">\n\t\t\t\t<div class=\"ld-status ld-status-progress ld-primary-background\">Inicio Curso<\/div>\n\t\t\t\t<img loading=\"lazy\" decoding=\"async\" width=\"300\" height=\"167\" src=\"https:\/\/i0.wp.com\/greener.org.pe\/web\/wp-content\/uploads\/2022\/04\/bb-hero-01.jpg?fit=300%2C167&amp;ssl=1\" class=\"attachment-medium size-medium wp-post-image\" alt=\"\" srcset=\"https:\/\/i0.wp.com\/greener.org.pe\/web\/wp-content\/uploads\/2022\/04\/bb-hero-01.jpg?w=2161&amp;ssl=1 2161w, https:\/\/i0.wp.com\/greener.org.pe\/web\/wp-content\/uploads\/2022\/04\/bb-hero-01.jpg?resize=300%2C167&amp;ssl=1 300w, https:\/\/i0.wp.com\/greener.org.pe\/web\/wp-content\/uploads\/2022\/04\/bb-hero-01.jpg?resize=1024%2C569&amp;ssl=1 1024w, https:\/\/i0.wp.com\/greener.org.pe\/web\/wp-content\/uploads\/2022\/04\/bb-hero-01.jpg?resize=768%2C427&amp;ssl=1 768w, https:\/\/i0.wp.com\/greener.org.pe\/web\/wp-content\/uploads\/2022\/04\/bb-hero-01.jpg?resize=1536%2C854&amp;ssl=1 1536w, https:\/\/i0.wp.com\/greener.org.pe\/web\/wp-content\/uploads\/2022\/04\/bb-hero-01.jpg?resize=2048%2C1138&amp;ssl=1 2048w, https:\/\/i0.wp.com\/greener.org.pe\/web\/wp-content\/uploads\/2022\/04\/bb-hero-01.jpg?resize=624%2C347&amp;ssl=1 624w, https:\/\/i0.wp.com\/greener.org.pe\/web\/wp-content\/uploads\/2022\/04\/bb-hero-01.jpg?resize=1320%2C734&amp;ssl=1 1320w, https:\/\/i0.wp.com\/greener.org.pe\/web\/wp-content\/uploads\/2022\/04\/bb-hero-01.jpg?resize=600%2C333&amp;ssl=1 600w, https:\/\/i0.wp.com\/greener.org.pe\/web\/wp-content\/uploads\/2022\/04\/bb-hero-01.jpg?resize=64%2C36&amp;ssl=1 64w, https:\/\/i0.wp.com\/greener.org.pe\/web\/wp-content\/uploads\/2022\/04\/bb-hero-01.jpg?w=1920&amp;ssl=1 1920w\" sizes=\"auto, (max-width: 300px) 100vw, 300px\" \/>            <\/a>\n        <\/div>\n\n        <div class=\"bb-card-course-details bb-card-course-details--noAccess\">\n\t\t\t<div class=\"course-lesson-count\">9 Lecciones<\/div>            <h2 class=\"bb-course-title\">\n                <a title=\"Flujo de carga y corto circuito en sistemas el\u00e9ctricos de potencia con Power Factory Digsilent\" href=\"https:\/\/greener.org.pe\/web\/courses\/flujo-de-carga-y-corto-circuito-en-sistemas-electricos-de-potencia-con-power-factory-digsilent\/\">Flujo de carga y corto circuito en sistemas el\u00e9ctricos de potencia con Power Factory Digsilent<\/a>\n            <\/h2>\n\n\t\t\t<div class=\"bb-course-meta\">\n\t\t<a class=\"item-avatar\" href=\"https:\/\/greener.org.pe\/web\/members\/greener22\/\" class=\"item-avatar\">\n\t\t<img alt='' src='https:\/\/i0.wp.com\/greener.org.pe\/web\/wp-content\/plugins\/buddyboss-platform\/bp-core\/images\/profile-avatar-buddyboss-50.png?resize=80%2C80&#038;ssl=1' srcset='https:\/\/i0.wp.com\/greener.org.pe\/web\/wp-content\/plugins\/buddyboss-platform\/bp-core\/images\/profile-avatar-buddyboss-50.png?resize=80%2C80&#038;ssl=1 2x' class='avatar avatar-80 photo' height='80' width='80' data-recalc-dims=\"1\" \/>\t<\/a>\n\t<strong>\n\t\t<a href=\"https:\/\/greener.org.pe\/web\/members\/greener22\/\">Greener22<\/a>\n\t<\/strong>\n<\/div>\n\n\t\t\t\n\t\t\t<div class=\"bb-course-excerpt\">\n\t\t\t\tEste Curso esta dise\u00f1ado para personas que ejercen la funci\u00f3n de planificaci\u00f3n y operaci\u00f3n en grandes sistemas el\u00e9ctricos de potencia, que aunque no est\u00e1n familiarizadas de manera directa con el uso del DIgISLENT PowerFactory poseen los conocimientos elementales del an\u00e1lisis de flujo de potencia y cortocircuito.\t\t\t<\/div>\n\n\t\t\t        <\/div>\n    <\/div>\n<\/li>\n                    <\/ul>\n                                                    <\/div>\n        <\/div>\n    <\/form>\n\n<\/div>\t\t<\/div>\n\t\t\t\t<\/div>\n\t\t\t\t\t<\/div>\n\t\t<\/div>\n\t\t\t\t\t\t\t<\/div>\n\t\t<\/section>\n\t\t\t\t\t\t\t<\/div>\n\t\t","protected":false},"excerpt":{"rendered":"<p>Alfab\u00e9ticoReci\u00e9n CreadoMi Progreso Todos Los InstructoresGreener22 En Progreso 7 Lecciones Flujo de carga y corto circuito en sistemas el\u00e9ctricos de potencia con Power Factory Digsilent&hellip;<\/p>\n","protected":false},"author":1,"featured_media":0,"parent":0,"menu_order":0,"comment_status":"closed","ping_status":"closed","template":"","meta":{"om_disable_all_campaigns":false,"spay_email":"","footnotes":""},"class_list":["post-1654","page","type-page","status-publish","hentry"],"acf":[],"_links":{"self":[{"href":"https:\/\/greener.org.pe\/web\/wp-json\/wp\/v2\/pages\/1654","targetHints":{"allow":["GET"]}}],"collection":[{"href":"https:\/\/greener.org.pe\/web\/wp-json\/wp\/v2\/pages"}],"about":[{"href":"https:\/\/greener.org.pe\/web\/wp-json\/wp\/v2\/types\/page"}],"author":[{"embeddable":true,"href":"https:\/\/greener.org.pe\/web\/wp-json\/wp\/v2\/users\/1"}],"replies":[{"embeddable":true,"href":"https:\/\/greener.org.pe\/web\/wp-json\/wp\/v2\/comments?post=1654"}],"version-history":[{"count":12,"href":"https:\/\/greener.org.pe\/web\/wp-json\/wp\/v2\/pages\/1654\/revisions"}],"predecessor-version":[{"id":1672,"href":"https:\/\/greener.org.pe\/web\/wp-json\/wp\/v2\/pages\/1654\/revisions\/1672"}],"wp:attachment":[{"href":"https:\/\/greener.org.pe\/web\/wp-json\/wp\/v2\/media?parent=1654"}],"curies":[{"name":"wp","href":"https:\/\/api.w.org\/{rel}","templated":true}]}}