{"id":1083,"date":"2022-03-18T21:38:01","date_gmt":"2022-03-18T21:38:01","guid":{"rendered":"https:\/\/greener.org.pe\/web\/?post_type=product&#038;p=1083"},"modified":"2022-03-20T13:11:56","modified_gmt":"2022-03-20T18:11:56","slug":"fundamentos-de-protecciones-electricas","status":"publish","type":"product","link":"https:\/\/greener.org.pe\/web\/cursos\/fundamentos-de-protecciones-electricas\/","title":{"rendered":"Fundamentos de Protecciones El\u00e9ctricas"},"content":{"rendered":"<p>Aprende los fundamentos de las protecciones el\u00e9ctricas y sus aplicaciones en los sistemas de potencia, sistemas de distribuci\u00f3n y sistemas industriales.<\/p>\n","protected":false},"excerpt":{"rendered":"<p>Aprende los fundamentos de las protecciones el\u00e9ctricas y sus aplicaciones en los sistemas de potencia, sistemas de distribuci\u00f3n y sistemas industriales.<\/p>\n","protected":false},"featured_media":782,"template":"","meta":{"om_disable_all_campaigns":false,"spay_email":"","jetpack_publicize_message":"","jetpack_is_tweetstorm":false,"jetpack_publicize_feature_enabled":true},"product_cat":[21],"product_tag":[],"class_list":["post-1083","product","type-product","status-publish","has-post-thumbnail","hentry","product_cat-cursos-destacados"],"acf":[],"_links":{"self":[{"href":"https:\/\/greener.org.pe\/web\/wp-json\/wp\/v2\/product\/1083","targetHints":{"allow":["GET"]}}],"collection":[{"href":"https:\/\/greener.org.pe\/web\/wp-json\/wp\/v2\/product"}],"about":[{"href":"https:\/\/greener.org.pe\/web\/wp-json\/wp\/v2\/types\/product"}],"version-history":[{"count":1,"href":"https:\/\/greener.org.pe\/web\/wp-json\/wp\/v2\/product\/1083\/revisions"}],"predecessor-version":[{"id":1239,"href":"https:\/\/greener.org.pe\/web\/wp-json\/wp\/v2\/product\/1083\/revisions\/1239"}],"wp:featuredmedia":[{"embeddable":true,"href":"https:\/\/greener.org.pe\/web\/wp-json\/wp\/v2\/media\/782"}],"wp:attachment":[{"href":"https:\/\/greener.org.pe\/web\/wp-json\/wp\/v2\/media?parent=1083"}],"wp:term":[{"taxonomy":"product_cat","embeddable":true,"href":"https:\/\/greener.org.pe\/web\/wp-json\/wp\/v2\/product_cat?post=1083"},{"taxonomy":"product_tag","embeddable":true,"href":"https:\/\/greener.org.pe\/web\/wp-json\/wp\/v2\/product_tag?post=1083"}],"curies":[{"name":"wp","href":"https:\/\/api.w.org\/{rel}","templated":true}]}}